{"id":12725,"date":"2024-11-21T16:47:01","date_gmt":"2024-11-21T12:47:01","guid":{"rendered":"https:\/\/proshine.az\/product\/h21-surface-cleaner-and-disinfectant\/"},"modified":"2024-11-21T16:47:01","modified_gmt":"2024-11-21T12:47:01","slug":"h21-surface-cleaner-and-disinfectant","status":"publish","type":"product","link":"https:\/\/proshine.az\/en\/h21-surface-cleaner-and-disinfectant\/","title":{"rendered":"H21 &#8211; Surface Cleaner and Disinfectant"},"content":{"rendered":"","protected":false},"excerpt":{"rendered":"<p>S\u0259thl\u0259rin t\u0259mizl\u0259nm\u0259 v\u0259 dezinfeksiya edilm\u0259si \u00fc\u00e7\u00fcn geni\u015f spektrl\u0131 y\u00fcks\u0259k t\u0259sirli vasit\u0259dir. Qida anbarlar\u0131n\u0131n d\u00f6\u015f\u0259m\u0259l\u0259ri, divar v\u0259 dig\u0259r \u00fcmumi s\u0259thl\u0259r, avadanl\u0131qlar, h\u0259ssas sink v\u0259 al\u00fcminium s\u0259thl\u0259rin \u00fcz\u0259rind\u0259 istifad\u0259si m\u0259qs\u0259d\u0259uy\u011fun hesab edilir. \u0130stifad\u0259 qaydas\u0131:<br \/>\nKirl\u0259nm\u0259 d\u0259r\u0259c\u0259sind\u0259n as\u0131l\u0131 olaraq 1:10 v\u0259 ya 1:40 nisb\u0259tind\u0259 suda h\u0259ll edilir. <\/p>\n","protected":false},"featured_media":12726,"template":"","meta":[],"product_brand":[],"product_cat":[186],"product_tag":[],"class_list":{"0":"post-12725","1":"product","2":"type-product","3":"status-publish","4":"has-post-thumbnail","6":"product_cat-general-cleaning","8":"first","9":"instock","10":"shipping-taxable","11":"product-type-simple"},"_links":{"self":[{"href":"https:\/\/proshine.az\/en\/wp-json\/wp\/v2\/product\/12725","targetHints":{"allow":["GET"]}}],"collection":[{"href":"https:\/\/proshine.az\/en\/wp-json\/wp\/v2\/product"}],"about":[{"href":"https:\/\/proshine.az\/en\/wp-json\/wp\/v2\/types\/product"}],"version-history":[{"count":0,"href":"https:\/\/proshine.az\/en\/wp-json\/wp\/v2\/product\/12725\/revisions"}],"wp:featuredmedia":[{"embeddable":true,"href":"https:\/\/proshine.az\/en\/wp-json\/wp\/v2\/media\/12726"}],"wp:attachment":[{"href":"https:\/\/proshine.az\/en\/wp-json\/wp\/v2\/media?parent=12725"}],"wp:term":[{"taxonomy":"product_brand","embeddable":true,"href":"https:\/\/proshine.az\/en\/wp-json\/wp\/v2\/product_brand?post=12725"},{"taxonomy":"product_cat","embeddable":true,"href":"https:\/\/proshine.az\/en\/wp-json\/wp\/v2\/product_cat?post=12725"},{"taxonomy":"product_tag","embeddable":true,"href":"https:\/\/proshine.az\/en\/wp-json\/wp\/v2\/product_tag?post=12725"}],"curies":[{"name":"wp","href":"https:\/\/api.w.org\/{rel}","templated":true}]}}