{"id":13875,"date":"2026-01-13T10:42:32","date_gmt":"2026-01-13T06:42:32","guid":{"rendered":"https:\/\/proshine.az\/microfiber-diamond-cloth-ceymop-pro\/"},"modified":"2026-01-13T10:42:32","modified_gmt":"2026-01-13T06:42:32","slug":"microfiber-diamond-cloth-ceymop-pro","status":"publish","type":"product","link":"https:\/\/proshine.az\/en\/microfiber-diamond-cloth-ceymop-pro\/","title":{"rendered":"Microfiber DIAMOND Cloth CEYMOP PRO"},"content":{"rendered":"<p data-start=\"0\" data-end=\"341\">Ceymop Professional Microfiber Diamond cloth is made of 30% polyamide and 70% polyester. Unlike other microfiber cloths, it is manufactured to a higher quality standard. Thanks to its special textured (diamond-patterned) structure, it is extra soft and, with its high performance, cleans all types of surfaces while leaving a shinier finish.<\/p>\n<p data-start=\"343\" data-end=\"588\" data-is-last-node=\"\" data-is-only-node=\"\">It easily removes all stains and dirt. It provides deep cleaning for household and kitchen tasks, bathrooms, and multi-purpose surfaces. It is especially effective on glass surfaces and surfaces that easily show stains and dust.<\/p>\n","protected":false},"excerpt":{"rendered":"<p data-start=\"0\" data-end=\"341\">Ceymop Professional Microfiber Diamond cloth is made of 30% polyamide and 70% polyester. Unlike other microfiber cloths, it is manufactured to a higher quality standard. Thanks to its special textured (diamond-patterned) structure, it is extra soft and, with its high performance, cleans all types of surfaces while leaving a shinier finish.<\/p>\n<p data-start=\"343\" data-end=\"588\" data-is-last-node=\"\" data-is-only-node=\"\">B\u00fct\u00fcn l\u0259k\u0259 v\u0259 kirl\u0259ri asanl\u0131qla t\u0259mizl\u0259yir. Ev v\u0259 m\u0259tb\u0259x i\u015fl\u0259rind\u0259, vanna ota\u011f\u0131nda v\u0259 \u00e7oxm\u0259qs\u0259dli s\u0259thl\u0259rin t\u0259mizliyind\u0259 d\u0259rin t\u0259mizlik t\u0259min edir. X\u00fcsusil\u0259 \u015f\u00fc\u015f\u0259 s\u0259thl\u0259rd\u0259, l\u0259k\u0259 v\u0259 tozu tez g\u00f6st\u0259r\u0259n s\u0259thl\u0259rd\u0259 <strong data-start=\"552\" data-end=\"579\">\u0259lav\u0259 effektiv t\u0259mizlik<\/strong> yarad\u0131r.  <\/p>\n","protected":false},"featured_media":13871,"template":"","meta":[],"product_brand":[],"product_cat":[192],"product_tag":[],"class_list":{"0":"post-13875","1":"product","2":"type-product","3":"status-publish","4":"has-post-thumbnail","6":"product_cat-other","8":"first","9":"instock","10":"shipping-taxable","11":"product-type-simple"},"_links":{"self":[{"href":"https:\/\/proshine.az\/en\/wp-json\/wp\/v2\/product\/13875","targetHints":{"allow":["GET"]}}],"collection":[{"href":"https:\/\/proshine.az\/en\/wp-json\/wp\/v2\/product"}],"about":[{"href":"https:\/\/proshine.az\/en\/wp-json\/wp\/v2\/types\/product"}],"version-history":[{"count":0,"href":"https:\/\/proshine.az\/en\/wp-json\/wp\/v2\/product\/13875\/revisions"}],"wp:featuredmedia":[{"embeddable":true,"href":"https:\/\/proshine.az\/en\/wp-json\/wp\/v2\/media\/13871"}],"wp:attachment":[{"href":"https:\/\/proshine.az\/en\/wp-json\/wp\/v2\/media?parent=13875"}],"wp:term":[{"taxonomy":"product_brand","embeddable":true,"href":"https:\/\/proshine.az\/en\/wp-json\/wp\/v2\/product_brand?post=13875"},{"taxonomy":"product_cat","embeddable":true,"href":"https:\/\/proshine.az\/en\/wp-json\/wp\/v2\/product_cat?post=13875"},{"taxonomy":"product_tag","embeddable":true,"href":"https:\/\/proshine.az\/en\/wp-json\/wp\/v2\/product_tag?post=13875"}],"curies":[{"name":"wp","href":"https:\/\/api.w.org\/{rel}","templated":true}]}}