{"id":13890,"date":"2026-01-14T10:28:35","date_gmt":"2026-01-14T06:28:35","guid":{"rendered":"https:\/\/proshine.az\/%d1%8d%d0%ba%d1%81%d1%82%d1%80%d0%b0-%d1%81%d1%82%d0%b5%d0%ba%d0%bb%d1%8f%d0%bd%d0%bd%d1%8b%d0%b9-%d0%bf%d0%bb%d1%8e%d1%88\/"},"modified":"2026-01-14T10:28:35","modified_gmt":"2026-01-14T06:28:35","slug":"%d1%8d%d0%ba%d1%81%d1%82%d1%80%d0%b0-%d1%81%d1%82%d0%b5%d0%ba%d0%bb%d1%8f%d0%bd%d0%bd%d1%8b%d0%b9-%d0%bf%d0%bb%d1%8e%d1%88","status":"publish","type":"product","link":"https:\/\/proshine.az\/ru\/%d1%8d%d0%ba%d1%81%d1%82%d1%80%d0%b0-%d1%81%d1%82%d0%b5%d0%ba%d0%bb%d1%8f%d0%bd%d0%bd%d1%8b%d0%b9-%d0%bf%d0%bb%d1%8e%d1%88\/","title":{"rendered":"\u042d\u043a\u0441\u0442\u0440\u0430 \u0441\u0442\u0435\u043a\u043b\u044f\u043d\u043d\u044b\u0439 \u043f\u043b\u044e\u0448"},"content":{"rendered":"<p data-start=\"0\" data-end=\"359\">Ceymop Professional Extra \u0441\u0442\u0435\u043a\u043b\u044f\u043d\u043d\u044b\u0439 \u043f\u043b\u044e\u0448 \u0438\u0437\u0433\u043e\u0442\u043e\u0432\u043b\u0435\u043d \u0438\u0437 100% \u0430\u043a\u0440\u0438\u043b\u043e\u0432\u043e\u0439 \u043f\u0440\u044f\u0436\u0438. \u041e\u043d \u043e\u0431\u0435\u0441\u043f\u0435\u0447\u0438\u0432\u0430\u0435\u0442 \u043f\u0440\u043e\u0447\u043d\u043e\u0435, \u0443\u0434\u043e\u0431\u043d\u043e\u0435 \u0438 \u0434\u043e\u043b\u0433\u043e\u0432\u0435\u0447\u043d\u043e\u0435 \u0438\u0441\u043f\u043e\u043b\u044c\u0437\u043e\u0432\u0430\u043d\u0438\u0435. \u0421\u0442\u0435\u043a\u043b\u044f\u043d\u043d\u044b\u0439 \u043f\u043b\u044e\u0448 \u0438\u0441\u043f\u043e\u043b\u044c\u0437\u0443\u0435\u0442\u0441\u044f \u0434\u043b\u044f \u0440\u0430\u0437\u043c\u044f\u0433\u0447\u0435\u043d\u0438\u044f \u0433\u0440\u044f\u0437\u0438 \u0438 \u043f\u044f\u0442\u0435\u043d \u043d\u0430 \u0441\u0442\u0435\u043a\u043b\u044f\u043d\u043d\u044b\u0445 \u043f\u043e\u0432\u0435\u0440\u0445\u043d\u043e\u0441\u0442\u044f\u0445. \u0412\u044b \u043c\u043e\u0436\u0435\u0442\u0435 \u043b\u0435\u0433\u043a\u043e \u043e\u0447\u0438\u0441\u0442\u0438\u0442\u044c \u0441\u0432\u043e\u0438 \u0437\u0430\u0433\u0440\u044f\u0437\u043d\u0451\u043d\u043d\u044b\u0435 \u043e\u043a\u043d\u0430, \u0438\u0441\u043f\u043e\u043b\u044c\u0437\u0443\u044f \u0441\u0442\u0435\u043a\u043b\u044f\u043d\u043d\u044b\u0439 \u043f\u043b\u044e\u0448, \u0441\u043c\u043e\u0447\u0435\u043d\u043d\u044b\u0439 \u0432 \u043c\u044b\u043b\u044c\u043d\u043e\u0439 \u0432\u043e\u0434\u0435. \u0422\u0430\u043a\u0436\u0435 \u043f\u043e\u043c\u043e\u0433\u0430\u0435\u0442 \u0432 \u043e\u0447\u0438\u0441\u0442\u043a\u0435 \u0432\u043d\u0435\u0448\u043d\u0438\u0445 \u043f\u043e\u0432\u0435\u0440\u0445\u043d\u043e\u0441\u0442\u0435\u0439 \u043e\u043a\u043e\u043d.    <\/p>\n<p data-start=\"361\" data-end=\"760\">Ceymop Professional Extra \u0441\u0442\u0435\u043a\u043b\u044f\u043d\u043d\u044b\u0439 \u043f\u043b\u044e\u0448 \u0438\u0441\u043f\u043e\u043b\u044c\u0437\u0443\u0435\u0442\u0441\u044f \u0432\u043c\u0435\u0441\u0442\u0435 \u0441 \u043f\u043e\u0434\u0445\u043e\u0434\u044f\u0449\u0435\u0439 \u0440\u0443\u0447\u043a\u043e\u0439 \u0434\u043b\u044f \u0441\u0442\u0435\u043a\u043b\u044f\u043d\u043d\u043e\u0433\u043e \u043f\u043b\u044e\u0448\u0430 Ceymop Professional. \u0415\u0433\u043e \u043c\u043e\u0436\u043d\u043e \u043f\u0440\u0438\u043a\u0440\u0435\u043f\u0438\u0442\u044c \u043a \u0441\u0442\u0430\u043d\u0434\u0430\u0440\u0442\u043d\u044b\u043c \u0438\u043b\u0438 \u0442\u0435\u043b\u0435\u0441\u043a\u043e\u043f\u0438\u0447\u0435\u0441\u043a\u0438\u043c \u0440\u0443\u0447\u043a\u0430\u043c \u0434\u043b\u044f \u043e\u0447\u0438\u0441\u0442\u043a\u0438 \u0431\u043e\u043b\u0435\u0435 \u0432\u044b\u0441\u043e\u043a\u0438\u0445 \u0438 \u0431\u043e\u043b\u044c\u0448\u0438\u0445 \u0441\u0442\u0435\u043a\u043b\u044f\u043d\u043d\u044b\u0445 \u043f\u043e\u0432\u0435\u0440\u0445\u043d\u043e\u0441\u0442\u0435\u0439. \u041f\u043e\u0441\u043b\u0435 \u0438\u0441\u043f\u043e\u043b\u044c\u0437\u043e\u0432\u0430\u043d\u0438\u044f \u0435\u0433\u043e \u043c\u043e\u0436\u043d\u043e \u0441\u0442\u0438\u0440\u0430\u0442\u044c \u0432 \u043c\u0430\u0448\u0438\u043d\u0435. \u0411\u043b\u0430\u0433\u043e\u0434\u0430\u0440\u044f \u0430\u043a\u0440\u0438\u043b\u043e\u0432\u043e\u0439 \u0441\u0442\u0440\u0443\u043a\u0442\u0443\u0440\u0435, \u0438\u0437\u0434\u0435\u043b\u0438\u0435 \u043d\u0435 \u0441\u0430\u0434\u0438\u0442\u0441\u044f \u043f\u043e\u0441\u043b\u0435 \u0441\u0442\u0438\u0440\u043a\u0438 \u0438 \u043c\u043e\u0436\u0435\u0442 \u0438\u0441\u043f\u043e\u043b\u044c\u0437\u043e\u0432\u0430\u0442\u044c\u0441\u044f \u043a\u0430\u043a \u0432 \u043f\u0435\u0440\u0432\u044b\u0439 \u0434\u0435\u043d\u044c.   <\/p>\n","protected":false},"excerpt":{"rendered":"<p data-start=\"0\" data-end=\"359\">Ceymop Professional Extra \u0441\u0442\u0435\u043a\u043b\u044f\u043d\u043d\u044b\u0439 \u043f\u043b\u044e\u0448 \u0438\u0437\u0433\u043e\u0442\u043e\u0432\u043b\u0435\u043d \u0438\u0437 100% \u0430\u043a\u0440\u0438\u043b\u043e\u0432\u043e\u0439 \u043f\u0440\u044f\u0436\u0438. \u041e\u043d \u043e\u0431\u0435\u0441\u043f\u0435\u0447\u0438\u0432\u0430\u0435\u0442 \u043f\u0440\u043e\u0447\u043d\u043e\u0435, \u0443\u0434\u043e\u0431\u043d\u043e\u0435 \u0438 \u0434\u043e\u043b\u0433\u043e\u0432\u0435\u0447\u043d\u043e\u0435 \u0438\u0441\u043f\u043e\u043b\u044c\u0437\u043e\u0432\u0430\u043d\u0438\u0435. \u0421\u0442\u0435\u043a\u043b\u044f\u043d\u043d\u044b\u0439 \u043f\u043b\u044e\u0448 \u0438\u0441\u043f\u043e\u043b\u044c\u0437\u0443\u0435\u0442\u0441\u044f \u0434\u043b\u044f \u0440\u0430\u0437\u043c\u044f\u0433\u0447\u0435\u043d\u0438\u044f \u0433\u0440\u044f\u0437\u0438 \u0438 \u043f\u044f\u0442\u0435\u043d \u043d\u0430 \u0441\u0442\u0435\u043a\u043b\u044f\u043d\u043d\u044b\u0445 \u043f\u043e\u0432\u0435\u0440\u0445\u043d\u043e\u0441\u0442\u044f\u0445. \u0412\u044b \u043c\u043e\u0436\u0435\u0442\u0435 \u043b\u0435\u0433\u043a\u043e \u043e\u0447\u0438\u0441\u0442\u0438\u0442\u044c \u0441\u0432\u043e\u0438 \u0437\u0430\u0433\u0440\u044f\u0437\u043d\u0451\u043d\u043d\u044b\u0435 \u043e\u043a\u043d\u0430, \u0438\u0441\u043f\u043e\u043b\u044c\u0437\u0443\u044f \u0441\u0442\u0435\u043a\u043b\u044f\u043d\u043d\u044b\u0439 \u043f\u043b\u044e\u0448, \u0441\u043c\u043e\u0447\u0435\u043d\u043d\u044b\u0439 \u0432 \u043c\u044b\u043b\u044c\u043d\u043e\u0439 \u0432\u043e\u0434\u0435. \u0422\u0430\u043a\u0436\u0435 \u043f\u043e\u043c\u043e\u0433\u0430\u0435\u0442 \u0432 \u043e\u0447\u0438\u0441\u0442\u043a\u0435 \u0432\u043d\u0435\u0448\u043d\u0438\u0445 \u043f\u043e\u0432\u0435\u0440\u0445\u043d\u043e\u0441\u0442\u0435\u0439 \u043e\u043a\u043e\u043d.    <\/p>\n<p data-start=\"361\" data-end=\"760\"><strong data-start=\"361\" data-end=\"401\">Ceymop Professional Cam Pelu\u015f Ekstra<\/strong>, uy\u011fun <strong data-start=\"409\" data-end=\"450\">Ceymop Professional cam pelu\u015f aparat\u0131<\/strong> il\u0259 birlikd\u0259 istifad\u0259 olunur. Standart v\u0259 ya teleskopik saplara qo\u015fularaq daha y\u00fcks\u0259k v\u0259 uzun \u015f\u00fc\u015f\u0259 s\u0259thl\u0259rin t\u0259mizliyind\u0259 t\u0259tbiq edil\u0259 bil\u0259r. \u0130stifad\u0259d\u0259n sonra ma\u015f\u0131nda yuyula bil\u0259r. Yuyulandan sonra akrilik qurulu\u015fu say\u0259sind\u0259 he\u00e7 bir \u015f\u0259kild\u0259 daralma ba\u015f vermir v\u0259 m\u0259hsul ilk g\u00fcnk\u00fc kimi istifad\u0259 oluna bil\u0259r.   <\/p>\n","protected":false},"featured_media":13883,"template":"","meta":[],"product_brand":[],"product_cat":[193],"product_tag":[],"class_list":{"0":"post-13890","1":"product","2":"type-product","3":"status-publish","4":"has-post-thumbnail","6":"product_cat-other-ru","8":"first","9":"instock","10":"shipping-taxable","11":"product-type-simple"},"_links":{"self":[{"href":"https:\/\/proshine.az\/ru\/wp-json\/wp\/v2\/product\/13890","targetHints":{"allow":["GET"]}}],"collection":[{"href":"https:\/\/proshine.az\/ru\/wp-json\/wp\/v2\/product"}],"about":[{"href":"https:\/\/proshine.az\/ru\/wp-json\/wp\/v2\/types\/product"}],"version-history":[{"count":0,"href":"https:\/\/proshine.az\/ru\/wp-json\/wp\/v2\/product\/13890\/revisions"}],"wp:featuredmedia":[{"embeddable":true,"href":"https:\/\/proshine.az\/ru\/wp-json\/wp\/v2\/media\/13883"}],"wp:attachment":[{"href":"https:\/\/proshine.az\/ru\/wp-json\/wp\/v2\/media?parent=13890"}],"wp:term":[{"taxonomy":"product_brand","embeddable":true,"href":"https:\/\/proshine.az\/ru\/wp-json\/wp\/v2\/product_brand?post=13890"},{"taxonomy":"product_cat","embeddable":true,"href":"https:\/\/proshine.az\/ru\/wp-json\/wp\/v2\/product_cat?post=13890"},{"taxonomy":"product_tag","embeddable":true,"href":"https:\/\/proshine.az\/ru\/wp-json\/wp\/v2\/product_tag?post=13890"}],"curies":[{"name":"wp","href":"https:\/\/api.w.org\/{rel}","templated":true}]}}